{"id":241,"date":"2022-03-30T11:11:29","date_gmt":"2022-03-30T11:11:29","guid":{"rendered":"https:\/\/www.krepsiniolab.lt\/?page_id=241"},"modified":"2024-03-29T11:13:46","modified_gmt":"2024-03-29T11:13:46","slug":"kontaktaipc","status":"publish","type":"page","link":"https:\/\/www.krepsiniolab.lt\/en\/kontaktaipc\/","title":{"rendered":"Contacts"},"content":{"rendered":"<div class=\"vce-row-container\"><div class=\"vce-row vce-element--has-background vce-row--col-gap-11 vce-row-equal-height vce-row-content--top\" data-vce-full-width=\"true\" data-vce-sticky-element=\"true\" id=\"el-9c873da4\" data-vce-do-apply=\"all el-9c873da4\"><div class=\"vce-content-background-container\"><\/div><div class=\"vce-row-content\" data-vce-element-content=\"true\"><div class=\"vce-col vce-col--md-auto vce-col--xs-1 vce-col--xs-last vce-col--xs-first vce-col--sm-last vce-col--sm-first vce-col--md-first vce-col--lg-first vce-col--xl-first\" id=\"el-84038e96\"><div class=\"vce-col-inner\" data-vce-do-apply=\"border margin background  el-84038e96\"><div class=\"vce-col-content\" data-vce-element-content=\"true\" data-vce-do-apply=\"padding el-84038e96\"><div class=\"vce-single-image-container vce-single-image--align-center\"><div class=\"vce vce-single-image-wrapper\" id=\"el-d894ed25\" data-vce-do-apply=\"all el-d894ed25\"><figure><div class=\"vce-single-image-inner vce-single-image--absolute\" style=\"padding-bottom: 100%; width: 54px;\"><img loading=\"lazy\" decoding=\"async\" class=\"vce-single-image vcv-lozad\" data-src=\"https:\/\/www.krepsiniolab.lt\/wp-content\/uploads\/2024\/03\/white-transparent-with-shadow-54x54.png\" width=\"54\" height=\"54\" srcset=\"https:\/\/www.krepsiniolab.lt\/wp-content\/uploads\/2024\/03\/white-transparent-with-shadow-320x320.png 320w,https:\/\/www.krepsiniolab.lt\/wp-content\/uploads\/2024\/03\/white-transparent-with-shadow-480x480.png 480w,https:\/\/www.krepsiniolab.lt\/wp-content\/uploads\/2024\/03\/white-transparent-with-shadow-800x800.png 800w,https:\/\/www.krepsiniolab.lt\/wp-content\/uploads\/2024\/03\/white-transparent-with-shadow-54x54.png 54w,https:\/\/www.krepsiniolab.lt\/wp-content\/uploads\/2024\/03\/white-transparent-with-shadow-108x108.png 2x\" src=\"\" data-img-src=\"https:\/\/www.krepsiniolab.lt\/wp-content\/uploads\/2022\/02\/white-transparent-with-shadow.png\" alt=\"\" title=\"\" \/><noscript>\n        <img loading=\"lazy\" decoding=\"async\" class=\"vce-single-image\" src=\"https:\/\/www.krepsiniolab.lt\/wp-content\/uploads\/2022\/02\/white-transparent-with-shadow.png\" width=\"54\" height=\"54\" alt=\"\" title=\"\" \/>\n      <\/noscript><\/div><figcaption hidden=\"\"><\/figcaption><\/figure><\/div><\/div><\/div><\/div><\/div><div class=\"vce-col vce-col--md-auto vce-col--xs-1 vce-col--xs-last vce-col--xs-first vce-col--sm-last vce-col--sm-first\" id=\"el-f43a8c52\"><div class=\"vce-col-inner\" data-vce-do-apply=\"border margin background  el-f43a8c52\"><div class=\"vce-col-content\" data-vce-element-content=\"true\" data-vce-do-apply=\"padding el-f43a8c52\"><div class=\"vce-text-block\"><div class=\"vce-text-block-wrapper vce\" id=\"el-b7c4766a\" data-vce-do-apply=\"all el-b7c4766a\"><p style=\"text-align: center;\"><a href=\"https:\/\/www.krepsiniolab.lt\/en\/\"><span style=\"color: #ffffff;\"><span style=\"color: #ffffff; font-family: Red Hat Text;\"><span style=\"font-size: 13.3333px;\">Main<\/span><\/span><\/span><\/a><\/p><\/div><\/div><\/div><\/div><\/div><div class=\"vce-col vce-col--md-auto vce-col--xs-1 vce-col--xs-last vce-col--xs-first vce-col--sm-last vce-col--sm-first\" id=\"el-24e97f62\"><div class=\"vce-col-inner\" data-vce-do-apply=\"border margin background  el-24e97f62\"><div class=\"vce-col-content\" data-vce-element-content=\"true\" data-vce-do-apply=\"padding el-24e97f62\"><div class=\"vce-text-block\"><div class=\"vce-text-block-wrapper vce\" id=\"el-b5a46220\" data-vce-do-apply=\"all el-b5a46220\"><p style=\"text-align: center;\"><a href=\"https:\/\/www.krepsiniolab.lt\/en\/apiemuspc\/\"><span style=\"color: #ffffff; font-family: 'Red Hat Text'; font-size: 10pt;\">About Us<\/span><\/a><\/p><\/div><\/div><\/div><\/div><\/div><div class=\"vce-col vce-col--md-auto vce-col--xs-1 vce-col--xs-last vce-col--xs-first vce-col--sm-last vce-col--sm-first\" id=\"el-09e2cb16\"><div class=\"vce-col-inner\" data-vce-do-apply=\"border margin background  el-09e2cb16\"><div class=\"vce-col-content\" data-vce-element-content=\"true\" data-vce-do-apply=\"padding el-09e2cb16\"><div class=\"vce-text-block\"><div class=\"vce-text-block-wrapper vce\" id=\"el-fa9ff08f\" data-vce-do-apply=\"all el-fa9ff08f\"><p style=\"text-align: center;\"><a href=\"https:\/\/www.krepsiniolab.lt\/en\/treneriaipc\/\"><span style=\"color: #ffffff; font-family: 'Red Hat Text'; font-size: 10pt;\">Coaches<\/span><\/a><\/p><\/div><\/div><\/div><\/div><\/div><div class=\"vce-col vce-col--md-auto vce-col--xs-1 vce-col--xs-last vce-col--xs-first vce-col--sm-last vce-col--sm-first\" id=\"el-4d5d2d87\"><div class=\"vce-col-inner\" data-vce-do-apply=\"border margin background  el-4d5d2d87\"><div class=\"vce-col-content\" data-vce-element-content=\"true\" data-vce-do-apply=\"padding el-4d5d2d87\"><div class=\"vce-text-block\"><div class=\"vce-text-block-wrapper vce\" id=\"el-b275848a\" data-vce-do-apply=\"all el-b275848a\"><p style=\"text-align: center;\"><a href=\"https:\/\/www.krepsiniolab.lt\/en\/tvarkarastispc\/\"><span style=\"color: #ffffff; font-family: Red Hat Text;\"><span style=\"font-size: 13.3333px;\">Calendar<\/span><\/span><\/a><\/p><\/div><\/div><\/div><\/div><\/div><div class=\"vce-col vce-col--md-auto vce-col--xs-1 vce-col--xs-last vce-col--xs-first vce-col--sm-last vce-col--sm-first\" id=\"el-6ad64d64\"><div class=\"vce-col-inner\" data-vce-do-apply=\"border margin background  el-6ad64d64\"><div class=\"vce-col-content\" data-vce-element-content=\"true\" data-vce-do-apply=\"padding el-6ad64d64\"><div class=\"vce-text-block\"><div class=\"vce-text-block-wrapper vce\" id=\"el-8760c2b5\" data-vce-do-apply=\"all el-8760c2b5\"><p style=\"text-align: center;\"><a href=\"https:\/\/www.krepsiniolab.lt\/en\/galerija\/\"><span style=\"color: #ffffff; font-family: Red Hat Text;\"><span style=\"font-size: 13.3333px;\">Gallery<\/span><\/span><\/a><\/p><\/div><\/div><\/div><\/div><\/div><div class=\"vce-col vce-col--md-auto vce-col--xs-1 vce-col--xs-last vce-col--xs-first vce-col--sm-last vce-col--sm-first\" id=\"el-4bfc983d\"><div class=\"vce-col-inner\" data-vce-do-apply=\"border margin background  el-4bfc983d\"><div class=\"vce-col-content\" data-vce-element-content=\"true\" data-vce-do-apply=\"padding el-4bfc983d\"><div class=\"vce-text-block\"><div class=\"vce-text-block-wrapper vce\" id=\"el-459232dc\" data-vce-do-apply=\"all el-459232dc\"><p style=\"text-align: center;\"><a href=\"https:\/\/www.krepsiniolab.lt\/en\/registracijapc\/\"><span style=\"color: #ffffff; font-family: Red Hat Text;\"><span style=\"font-size: 13.3333px;\">Registration<\/span><\/span><\/a><\/p><\/div><\/div><\/div><\/div><\/div><div class=\"vce-col vce-col--md-auto vce-col--xs-1 vce-col--xs-last vce-col--xs-first vce-col--sm-last vce-col--sm-first\" id=\"el-e49da18f\"><div class=\"vce-col-inner\" data-vce-do-apply=\"border margin background  el-e49da18f\"><div class=\"vce-col-content\" data-vce-element-content=\"true\" data-vce-do-apply=\"padding el-e49da18f\"><div class=\"vce-text-block\"><div class=\"vce-text-block-wrapper vce\" id=\"el-ed7becd3\" data-vce-do-apply=\"all el-ed7becd3\"><p style=\"text-align: center;\"><strong><span style=\"color: #ffffff; font-family: 'Red Hat Text'; font-size: 10pt;\">Contacts<\/span><\/strong><\/p><\/div><\/div><\/div><\/div><\/div><div class=\"vce-col vce-col--md-auto vce-col--xs-1 vce-col--xs-last vce-col--xs-first vce-col--sm-last vce-col--sm-first\" id=\"el-b6d6fa1e\"><div class=\"vce-col-inner\" data-vce-do-apply=\"border margin background  el-b6d6fa1e\"><div class=\"vce-col-content\" data-vce-element-content=\"true\" data-vce-do-apply=\"padding el-b6d6fa1e\"><div class=\"vce-single-image-container vce-single-image--align-center\"><div class=\"vce vce-single-image-wrapper\" id=\"el-dd4c1711\" data-vce-do-apply=\"all el-dd4c1711\"><figure><a href=\"http:\/\/www.krepsiniolab.lt\/en\/stovyklapc\/\" title=\"\" class=\"vce-single-image-inner vce-single-image--absolute\" style=\"padding-bottom: 31.5789%; width: 190px;\"><img loading=\"lazy\" decoding=\"async\" class=\"vce-single-image vcv-lozad\" data-src=\"https:\/\/www.krepsiniolab.lt\/wp-content\/uploads\/2024\/03\/stovykla_button-190x60.png\" width=\"190\" height=\"60\" srcset=\"https:\/\/www.krepsiniolab.lt\/wp-content\/uploads\/2024\/03\/stovykla_button-190x60.png 190w\" src=\"\" data-img-src=\"https:\/\/www.krepsiniolab.lt\/wp-content\/uploads\/2022\/04\/stovykla_button.png\" alt=\"\" title=\"\" \/><noscript>\n        <img loading=\"lazy\" decoding=\"async\" class=\"vce-single-image\" src=\"https:\/\/www.krepsiniolab.lt\/wp-content\/uploads\/2022\/04\/stovykla_button.png\" width=\"190\" height=\"60\" alt=\"\" title=\"\" \/>\n      <\/noscript><\/a><figcaption hidden=\"\"><\/figcaption><\/figure><\/div><\/div><\/div><\/div><\/div><div class=\"vce-col vce-col--md-6p vce-col--xs-1 vce-col--xs-last vce-col--xs-first vce-col--sm-last vce-col--sm-first\" id=\"el-84aed8ca\"><div class=\"vce-col-inner\" data-vce-do-apply=\"border margin background  el-84aed8ca\"><div class=\"vce-col-content\" data-vce-element-content=\"true\" data-vce-do-apply=\"padding el-84aed8ca\"><div class=\"vce-single-image-container vce-single-image--align-center\"><div class=\"vce vce-single-image-wrapper\" id=\"el-d00650b2\" data-vce-do-apply=\"all el-d00650b2\"><figure><a href=\"https:\/\/www.facebook.com\/Krep%C5%A1inio-laboratorija-101649095788451\" title=\"\" target=\"_blank\" class=\"vce-single-image-inner vce-single-image--absolute\" style=\"padding-bottom: 100%; width: 35px;\" rel=\"noopener\"><img loading=\"lazy\" decoding=\"async\" class=\"vce-single-image vcv-lozad\" data-src=\"https:\/\/www.krepsiniolab.lt\/wp-content\/uploads\/2024\/03\/b_facebook-35x35.png\" width=\"35\" height=\"35\" srcset=\"https:\/\/www.krepsiniolab.lt\/wp-content\/uploads\/2024\/03\/b_facebook-320x320.png 320w,https:\/\/www.krepsiniolab.lt\/wp-content\/uploads\/2024\/03\/b_facebook-480x480.png 480w,https:\/\/www.krepsiniolab.lt\/wp-content\/uploads\/2024\/03\/b_facebook-800x800.png 800w,https:\/\/www.krepsiniolab.lt\/wp-content\/uploads\/2024\/03\/b_facebook-35x35.png 35w,https:\/\/www.krepsiniolab.lt\/wp-content\/uploads\/2024\/03\/b_facebook-70x70.png 2x\" src=\"\" data-img-src=\"https:\/\/www.krepsiniolab.lt\/wp-content\/uploads\/2022\/02\/b_facebook.png\" alt=\"\" title=\"\" \/><noscript>\n        <img loading=\"lazy\" decoding=\"async\" class=\"vce-single-image\" src=\"https:\/\/www.krepsiniolab.lt\/wp-content\/uploads\/2022\/02\/b_facebook.png\" width=\"35\" height=\"35\" alt=\"\" title=\"\" \/>\n      <\/noscript><\/a><figcaption hidden=\"\"><\/figcaption><\/figure><\/div><\/div><\/div><\/div><\/div><div class=\"vce-col vce-col--md-6p vce-col--xs-1 vce-col--xs-last vce-col--xs-first vce-col--sm-last vce-col--sm-first\" id=\"el-00b1e8c1\"><div class=\"vce-col-inner\" data-vce-do-apply=\"border margin background  el-00b1e8c1\"><div class=\"vce-col-content\" data-vce-element-content=\"true\" data-vce-do-apply=\"padding el-00b1e8c1\"><div class=\"vce-single-image-container vce-single-image--align-center\"><div class=\"vce vce-single-image-wrapper\" id=\"el-167331c9\" data-vce-do-apply=\"all el-167331c9\"><figure><a href=\"https:\/\/www.instagram.com\/krepsiniolab\/\" title=\"\" target=\"_blank\" class=\"vce-single-image-inner vce-single-image--absolute\" style=\"padding-bottom: 100%; width: 35px;\" rel=\"noopener\"><img loading=\"lazy\" decoding=\"async\" class=\"vce-single-image vcv-lozad\" data-src=\"https:\/\/www.krepsiniolab.lt\/wp-content\/uploads\/2024\/03\/b_instagram-35x35.png\" width=\"35\" height=\"35\" srcset=\"https:\/\/www.krepsiniolab.lt\/wp-content\/uploads\/2024\/03\/b_instagram-320x320.png 320w,https:\/\/www.krepsiniolab.lt\/wp-content\/uploads\/2024\/03\/b_instagram-480x480.png 480w,https:\/\/www.krepsiniolab.lt\/wp-content\/uploads\/2024\/03\/b_instagram-800x800.png 800w,https:\/\/www.krepsiniolab.lt\/wp-content\/uploads\/2024\/03\/b_instagram-35x35.png 35w,https:\/\/www.krepsiniolab.lt\/wp-content\/uploads\/2024\/03\/b_instagram-70x70.png 2x\" src=\"\" data-img-src=\"https:\/\/www.krepsiniolab.lt\/wp-content\/uploads\/2022\/02\/b_instagram.png\" alt=\"\" title=\"\" \/><noscript>\n        <img loading=\"lazy\" decoding=\"async\" class=\"vce-single-image\" src=\"https:\/\/www.krepsiniolab.lt\/wp-content\/uploads\/2022\/02\/b_instagram.png\" width=\"35\" height=\"35\" alt=\"\" title=\"\" \/>\n      <\/noscript><\/a><figcaption hidden=\"\"><\/figcaption><\/figure><\/div><\/div><\/div><\/div><\/div><div class=\"vce-col vce-col--md-6p vce-col--xs-1 vce-col--xs-last vce-col--xs-first vce-col--sm-last vce-col--sm-first vce-col--md-last vce-col--lg-last vce-col--xl-last\" id=\"el-74220c88\"><div class=\"vce-col-inner\" data-vce-do-apply=\"border margin background  el-74220c88\"><div class=\"vce-col-content\" data-vce-element-content=\"true\" data-vce-do-apply=\"padding el-74220c88\"><div class=\"vce-single-image-container vce-single-image--align-center\"><div class=\"vce vce-single-image-wrapper\" id=\"el-79911a21\" data-vce-do-apply=\"all el-79911a21\"><figure><a href=\"https:\/\/blue-yellow.lt\/\" title=\"Let&#039;s contribute to supporting Ukraine!\" target=\"_blank\" class=\"vce-single-image-inner vce-single-image--absolute\" style=\"padding-bottom: 100%; width: 35px;\" rel=\"noopener\"><img loading=\"lazy\" decoding=\"async\" class=\"vce-single-image vcv-lozad\" data-src=\"https:\/\/www.krepsiniolab.lt\/wp-content\/uploads\/2024\/03\/ukraine-35x35.png\" width=\"35\" height=\"35\" srcset=\"https:\/\/www.krepsiniolab.lt\/wp-content\/uploads\/2024\/03\/ukraine-320x320.png 320w,https:\/\/www.krepsiniolab.lt\/wp-content\/uploads\/2024\/03\/ukraine-480x480.png 480w,https:\/\/www.krepsiniolab.lt\/wp-content\/uploads\/2024\/03\/ukraine-800x800.png 800w,https:\/\/www.krepsiniolab.lt\/wp-content\/uploads\/2024\/03\/ukraine-35x35.png 35w,https:\/\/www.krepsiniolab.lt\/wp-content\/uploads\/2024\/03\/ukraine-70x70.png 2x\" src=\"\" data-img-src=\"https:\/\/www.krepsiniolab.lt\/wp-content\/uploads\/2022\/03\/ukraine.png\" alt=\"\" title=\"Let&#039;s contribute to supporting Ukraine!\" \/><noscript>\n        <img loading=\"lazy\" decoding=\"async\" class=\"vce-single-image\" src=\"https:\/\/www.krepsiniolab.lt\/wp-content\/uploads\/2022\/03\/ukraine.png\" width=\"35\" height=\"35\" alt=\"\" title=\"Let&#039;s contribute to supporting Ukraine!\" \/>\n      <\/noscript><\/a><figcaption hidden=\"\"><\/figcaption><\/figure><\/div><\/div><\/div><\/div><\/div><\/div><\/div><\/div><div class=\"vce-row-container\"><div class=\"vce-row vce-row--col-gap-30 vce-row-equal-height vce-row-content--top\" data-vce-full-width=\"true\" id=\"el-bb13a094\" data-vce-do-apply=\"all el-bb13a094\"><div class=\"vce-content-background-container\"><div class=\"vce-asset-color-gradient-container vce-visible-all-only\" data-vce-do-apply=\"gradient el-bb13a094\"><\/div><\/div><div class=\"vce-row-content\" data-vce-element-content=\"true\"><div class=\"vce-col vce-col--md-auto vce-col--xs-1 vce-col--xs-last vce-col--xs-first vce-col--sm-last vce-col--sm-first vce-col--md-last vce-col--lg-last vce-col--xl-last vce-col--md-first vce-col--lg-first vce-col--xl-first\" id=\"el-135c6852\"><div class=\"vce-col-inner\" data-vce-do-apply=\"border margin background  el-135c6852\"><div class=\"vce-col-content\" data-vce-element-content=\"true\" data-vce-do-apply=\"padding el-135c6852\"><div class=\"vce-text-block\"><div class=\"vce-text-block-wrapper vce\" id=\"el-02e70a04\" data-vce-do-apply=\"all el-02e70a04\"><p style=\"line-height: 1.25;\"><span style=\"font-family: 'Red Hat Text'; font-weight: bold; font-style: normal; font-size: 18pt; letter-spacing: 1px; color: #e8e6e6;\">Public Institution \u201cBasketball Laboratory\u201d<\/span><\/p><p style=\"line-height: 0.75;\"><span style=\"font-family: 'Red Hat Text'; font-weight: bold; font-style: normal; font-size: 16pt; color: #e8e6e6;\">Phone: <\/span><span style=\"font-family: 'Red Hat Text'; font-style: normal; font-size: 16pt; color: #e8e6e6;\">+370 604 79482<\/span><\/p><p style=\"line-height: 0.75;\"><span style=\"font-family: 'Red Hat Text'; font-weight: bold; font-style: normal; font-size: 16pt; color: #e8e6e6;\">Email: <span style=\"font-weight: 400;\"><a class=\"c-link\" style=\"color: #e8e6e6;\" tabindex=\"-1\" href=\"mailto:krepsiniolaboratorija@gmail.com\" target=\"_blank\" rel=\"noopener noreferrer\" data-stringify-link=\"mailto:krepsiniolaboratorija@gmail.com\" data-sk=\"tooltip_parent\" aria-haspopup=\"menu\" aria-expanded=\"false\" data-remove-tab-index=\"true\">krepsiniolaboratorija@gmail.com<\/a><\/span><\/span><\/p><p style=\"line-height: 0.75;\"><span style=\"font-family: 'Red Hat Text'; font-weight: bold; font-style: normal; font-size: 16pt; color: #e8e6e6;\">Company code: <span style=\"font-weight: 400;\">305927249<\/span><\/span><\/p><p style=\"line-height: 0.75;\"><span style=\"font-family: 'Red Hat Text'; font-size: 16pt; color: #e8e6e6;\"><span style=\"font-weight: bold; font-style: normal;\">Address<\/span> <span style=\"font-weight: 400; font-style: normal;\">\u017dalumos 36-1, Bendoriai, Vilniaus raj.<\/span><\/span><\/p><p style=\"line-height: 0.75;\"><span style=\"font-family: 'Red Hat Text'; font-size: 16pt; color: #e8e6e6;\"><span style=\"font-weight: bold; font-style: normal; letter-spacing: inherit;\">Bank account:<\/span><span style=\"font-weight: 400; font-style: normal; letter-spacing: inherit;\"> LT353500010014741657<\/span><\/span><\/p><\/div><\/div><div class=\"vce-text-block\"><div class=\"vce-text-block-wrapper vce\" id=\"el-21c129c9\" data-vce-do-apply=\"all el-21c129c9\"><p style=\"line-height: 1.25;\"><span style=\"font-family: 'Red Hat Text'; font-weight: bold; font-style: normal; font-size: 18pt; letter-spacing: 1px; color: #e8e6e6;\">Social media:<\/span><\/p><p style=\"line-height: 0.75;\"><span style=\"color: #ffffff;\"><a style=\"color: #ffffff;\" href=\"https:\/\/www.facebook.com\/krepsiniolab\"><span style=\"font-family: 'Red Hat Text'; font-weight: bold; font-style: normal; font-size: 16pt;\"><span style=\"font-weight: 400;\">Facebook<\/span><\/span><\/a><\/span><\/p><p style=\"line-height: 0.75;\"><span style=\"color: #ffffff;\"><a style=\"color: #ffffff;\" href=\"https:\/\/www.instagram.com\/krepsiniolab\/\"><span style=\"font-family: 'Red Hat Text'; font-weight: bold; font-style: normal; font-size: 16pt;\"><span style=\"font-weight: 400;\">Instagram<\/span><\/span><\/a><\/span><\/p><p style=\"line-height: 0.75;\"><span style=\"color: #ffffff;\"><a style=\"color: #ffffff;\" href=\"https:\/\/www.youtube.com\/channel\/UCMS68rIPEx-4AD7aCa7mznA\"><span style=\"font-family: 'Red Hat Text'; font-size: 16pt;\"><span style=\"font-weight: 400; font-style: normal;\">Youtube<\/span><\/span><\/a><\/span><\/p><p style=\"line-height: 0.75;\"><span style=\"color: #ffffff;\"><a style=\"color: #ffffff;\" href=\"https:\/\/www.linkedin.com\/company\/krep%C5%A1inio-laboratorija\"><span style=\"font-family: 'Red Hat Text'; font-size: 16pt;\"><span style=\"font-weight: 400; font-style: normal; letter-spacing: inherit;\">Linkedin<\/span><\/span><\/a><\/span><\/p><\/div><\/div><\/div><\/div><\/div><\/div><\/div><\/div><div class=\"vce-row-container\"><div class=\"vce-row vce-element--has-background vce-row--col-gap-30 vce-row-equal-height vce-row-content--top\" data-vce-full-width=\"true\" id=\"el-1dcba9a9\" data-vce-do-apply=\"all el-1dcba9a9\"><div class=\"vce-content-background-container\"><div class=\"vce-asset-background-slider-container vce-visible-all-only vce-asset-background-slider--style-cover vce-asset-background-slider--position-center-top\"><div class=\"vce-asset-background-slider\" data-vce-assets-slider=\"5\" data-vce-assets-slider-effect=\"slide\" data-vce-assets-slider-slides=\".vce-asset-background-slider-items\" data-vce-assets-slider-slide=\".vce-asset-background-slider-item\"><div class=\"vce-asset-background-slider-items\">\n              <div class=\"vce-asset-background-slider-item vcv-lozad\" data-background-image=\"https:\/\/www.krepsiniolab.lt\/wp-content\/uploads\/2024\/03\/IMG_9744.png\"><\/div>\n              <noscript>\n                <div class=\"vce-asset-background-slider-item\" style=\"background-image: url(https:\/\/www.krepsiniolab.lt\/wp-content\/uploads\/2024\/03\/IMG_9744.png); visibility: visible;\"><\/div>\n              <\/noscript>\n            \n              <div class=\"vce-asset-background-slider-item vcv-lozad\" data-background-image=\"https:\/\/www.krepsiniolab.lt\/wp-content\/uploads\/2024\/03\/DSC_0354-scaled.jpg\"><\/div>\n              <noscript>\n                <div class=\"vce-asset-background-slider-item\" style=\"background-image: url(https:\/\/www.krepsiniolab.lt\/wp-content\/uploads\/2024\/03\/DSC_0354-scaled.jpg); visibility: visible;\"><\/div>\n              <\/noscript>\n            \n              <div class=\"vce-asset-background-slider-item vcv-lozad\" data-background-image=\"https:\/\/www.krepsiniolab.lt\/wp-content\/uploads\/2024\/03\/DSC_0610-scaled.jpg\"><\/div>\n              <noscript>\n                <div class=\"vce-asset-background-slider-item\" style=\"background-image: url(https:\/\/www.krepsiniolab.lt\/wp-content\/uploads\/2024\/03\/DSC_0610-scaled.jpg); visibility: visible;\"><\/div>\n              <\/noscript>\n            \n              <div class=\"vce-asset-background-slider-item vcv-lozad\" data-background-image=\"https:\/\/www.krepsiniolab.lt\/wp-content\/uploads\/2024\/03\/DSC_0124-scaled.jpg\"><\/div>\n              <noscript>\n                <div class=\"vce-asset-background-slider-item\" style=\"background-image: url(https:\/\/www.krepsiniolab.lt\/wp-content\/uploads\/2024\/03\/DSC_0124-scaled.jpg); visibility: visible;\"><\/div>\n              <\/noscript>\n            \n              <div class=\"vce-asset-background-slider-item vcv-lozad\" data-background-image=\"https:\/\/www.krepsiniolab.lt\/wp-content\/uploads\/2023\/02\/BLab-8122-scaled-e1710364049350.jpg\"><\/div>\n              <noscript>\n                <div class=\"vce-asset-background-slider-item\" style=\"background-image: url(https:\/\/www.krepsiniolab.lt\/wp-content\/uploads\/2023\/02\/BLab-8122-scaled-e1710364049350.jpg); visibility: visible;\"><\/div>\n              <\/noscript>\n            \n              <div class=\"vce-asset-background-slider-item vcv-lozad\" data-background-image=\"https:\/\/www.krepsiniolab.lt\/wp-content\/uploads\/2024\/03\/DSC_0562-scaled.jpg\"><\/div>\n              <noscript>\n                <div class=\"vce-asset-background-slider-item\" style=\"background-image: url(https:\/\/www.krepsiniolab.lt\/wp-content\/uploads\/2024\/03\/DSC_0562-scaled.jpg); visibility: visible;\"><\/div>\n              <\/noscript>\n            \n              <div class=\"vce-asset-background-slider-item vcv-lozad\" data-background-image=\"https:\/\/www.krepsiniolab.lt\/wp-content\/uploads\/2024\/03\/DSC_0391-scaled.jpg\"><\/div>\n              <noscript>\n                <div class=\"vce-asset-background-slider-item\" style=\"background-image: url(https:\/\/www.krepsiniolab.lt\/wp-content\/uploads\/2024\/03\/DSC_0391-scaled.jpg); visibility: visible;\"><\/div>\n              <\/noscript>\n            \n              <div class=\"vce-asset-background-slider-item vcv-lozad\" data-background-image=\"https:\/\/www.krepsiniolab.lt\/wp-content\/uploads\/2024\/03\/2023-scaled.jpg\"><\/div>\n              <noscript>\n                <div class=\"vce-asset-background-slider-item\" style=\"background-image: url(https:\/\/www.krepsiniolab.lt\/wp-content\/uploads\/2024\/03\/2023-scaled.jpg); visibility: visible;\"><\/div>\n              <\/noscript>\n            <\/div><\/div><\/div><\/div><div class=\"vce-row-content\" data-vce-element-content=\"true\"><div class=\"vce-col vce-col--md-auto vce-col--xs-1 vce-col--xs-last vce-col--xs-first vce-col--sm-last vce-col--sm-first vce-col--md-last vce-col--lg-last vce-col--xl-last vce-col--md-first vce-col--lg-first vce-col--xl-first\" id=\"el-ea2da48b\"><div class=\"vce-col-inner\" data-vce-do-apply=\"border margin background  el-ea2da48b\"><div class=\"vce-content-background-container\"><\/div><div class=\"vce-col-content\" data-vce-element-content=\"true\" data-vce-do-apply=\"padding el-ea2da48b\"><div class=\"vce-shortcode\"><div class=\"vce-shortcode-wrapper vce\" id=\"el-13465fab\" data-vce-do-apply=\"all el-13465fab\"><\/div><\/div><\/div><\/div><\/div><\/div><\/div><\/div>","protected":false},"excerpt":{"rendered":"<p>PagrindinisApie musTreneriaiKalendoriusGalerijaRegistracijaKontaktai V\u0160\u012e Krep\u0161inio \u201eLaboratorija\u201cTelefonas: +370 604 79482El. pa\u0161tas: krepsiniolaboratorija@gmail.com\u012emon\u0117s kodas: 305927249Adresas: \u017dalumos 36-1, Bendoriai, Vilniaus raj.Banko s\u0105skaita: LT353500010014741657Socialiniai tinklai:FacebookInstagramYoutubeLinkedin<\/p>","protected":false},"author":1,"featured_media":0,"parent":0,"menu_order":0,"comment_status":"closed","ping_status":"closed","template":"","meta":{"footnotes":""},"class_list":["post-241","page","type-page","status-publish","hentry"],"_links":{"self":[{"href":"https:\/\/www.krepsiniolab.lt\/en\/wp-json\/wp\/v2\/pages\/241","targetHints":{"allow":["GET"]}}],"collection":[{"href":"https:\/\/www.krepsiniolab.lt\/en\/wp-json\/wp\/v2\/pages"}],"about":[{"href":"https:\/\/www.krepsiniolab.lt\/en\/wp-json\/wp\/v2\/types\/page"}],"author":[{"embeddable":true,"href":"https:\/\/www.krepsiniolab.lt\/en\/wp-json\/wp\/v2\/users\/1"}],"replies":[{"embeddable":true,"href":"https:\/\/www.krepsiniolab.lt\/en\/wp-json\/wp\/v2\/comments?post=241"}],"version-history":[{"count":18,"href":"https:\/\/www.krepsiniolab.lt\/en\/wp-json\/wp\/v2\/pages\/241\/revisions"}],"predecessor-version":[{"id":736,"href":"https:\/\/www.krepsiniolab.lt\/en\/wp-json\/wp\/v2\/pages\/241\/revisions\/736"}],"wp:attachment":[{"href":"https:\/\/www.krepsiniolab.lt\/en\/wp-json\/wp\/v2\/media?parent=241"}],"curies":[{"name":"wp","href":"https:\/\/api.w.org\/{rel}","templated":true}]}}