{"id":314,"date":"2022-04-04T14:24:09","date_gmt":"2022-04-04T14:24:09","guid":{"rendered":"https:\/\/www.krepsiniolab.lt\/?page_id=314"},"modified":"2024-03-29T11:14:05","modified_gmt":"2024-03-29T11:14:05","slug":"kontaktaimob","status":"publish","type":"page","link":"https:\/\/www.krepsiniolab.lt\/en\/kontaktaimob\/","title":{"rendered":"Kontaktai."},"content":{"rendered":"<div class=\"vce-row-container\"><div class=\"vce-row vce-element--has-background vce-row--col-gap-30 vce-row-equal-height vce-row-content--top\" data-vce-full-width=\"true\" data-vce-sticky-element=\"true\" id=\"el-3dbb38bd\" data-vce-do-apply=\"all el-3dbb38bd\"><div class=\"vce-content-background-container\"><\/div><div class=\"vce-row-content\" data-vce-element-content=\"true\"><div class=\"vce-col vce-col--md-auto vce-col--xs-1 vce-col--xs-last vce-col--xs-first vce-col--sm-last vce-col--sm-first vce-col--md-last vce-col--lg-last vce-col--xl-last vce-col--md-first vce-col--lg-first vce-col--xl-first\" id=\"el-1b947972\"><div class=\"vce-col-inner\" data-vce-do-apply=\"border margin background  el-1b947972\"><div class=\"vce-col-content\" data-vce-element-content=\"true\" data-vce-do-apply=\"padding el-1b947972\"><div class=\"vce-single-image-container vce-single-image--align-left\"><div class=\"vce vce-single-image-wrapper\" id=\"el-1309d06b\" data-vce-do-apply=\"all el-1309d06b\" data-vce-animate=\"vce-o-animate--fadeIn\" data-vce-animate-delay=\"vce-o-animate-delay--0.5\"><figure><a href=\"https:\/\/www.krepsiniolab.lt\/en\/mobile\/\" title=\"\" target=\"_blank\" class=\"vce-single-image-inner vce-single-image--absolute\" style=\"padding-bottom: 100%; width: 20px;\" rel=\"noopener\"><img loading=\"lazy\" decoding=\"async\" class=\"vce-single-image vcv-lozad\" data-src=\"https:\/\/www.krepsiniolab.lt\/wp-content\/uploads\/2024\/03\/arrow_icon-20x20.png\" width=\"20\" height=\"20\" srcset=\"https:\/\/www.krepsiniolab.lt\/wp-content\/uploads\/2024\/03\/arrow_icon-320x320.png 320w,https:\/\/www.krepsiniolab.lt\/wp-content\/uploads\/2024\/03\/arrow_icon-480x480.png 480w,https:\/\/www.krepsiniolab.lt\/wp-content\/uploads\/2024\/03\/arrow_icon-800x800.png 800w,https:\/\/www.krepsiniolab.lt\/wp-content\/uploads\/2024\/03\/arrow_icon-20x20.png 20w,https:\/\/www.krepsiniolab.lt\/wp-content\/uploads\/2024\/03\/arrow_icon-40x40.png 2x\" src=\"\" data-img-src=\"https:\/\/www.krepsiniolab.lt\/wp-content\/uploads\/2022\/04\/arrow_icon.png\" alt=\"\" title=\"arrow_icon\" \/><noscript>\n        <img loading=\"lazy\" decoding=\"async\" class=\"vce-single-image\" src=\"https:\/\/www.krepsiniolab.lt\/wp-content\/uploads\/2022\/04\/arrow_icon.png\" width=\"20\" height=\"20\" alt=\"\" title=\"arrow_icon\" \/>\n      <\/noscript><\/a><figcaption hidden=\"\"><\/figcaption><\/figure><\/div><\/div><\/div><\/div><\/div><\/div><\/div><\/div><div class=\"vce-row-container\"><div class=\"vce-row vce-row--col-gap-30 vce-row-equal-height vce-row-content--top\" data-vce-full-width=\"true\" id=\"el-71eaf364\" data-vce-do-apply=\"all el-71eaf364\"><div class=\"vce-content-background-container\"><div class=\"vce-asset-color-gradient-container vce-visible-all-only\" data-vce-do-apply=\"gradient el-71eaf364\"><\/div><\/div><div class=\"vce-row-content\" data-vce-element-content=\"true\"><div class=\"vce-col vce-col--md-auto vce-col--xs-1 vce-col--xs-last vce-col--xs-first vce-col--sm-last vce-col--sm-first vce-col--md-last vce-col--lg-last vce-col--xl-last vce-col--md-first vce-col--lg-first vce-col--xl-first\" id=\"el-8cf49227\"><div class=\"vce-col-inner\" data-vce-do-apply=\"border margin background  el-8cf49227\"><div class=\"vce-col-content\" data-vce-element-content=\"true\" data-vce-do-apply=\"padding el-8cf49227\"><div class=\"vce-text-block\"><div class=\"vce-text-block-wrapper vce\" id=\"el-e0f8c583\" data-vce-do-apply=\"all el-e0f8c583\"><p style=\"line-height: 0.5;\"><span style=\"font-family: 'Red Hat Text'; font-weight: bold; font-style: normal; font-size: 10pt; letter-spacing: 1px; color: #e8e6e6;\">&nbsp;<span style=\"font-size: 12pt; letter-spacing: inherit;\"> Public Institution \u201cBasketball Laboratory\u201d<\/span><\/span><\/p><p style=\"line-height: 0.5;\"><span style=\"font-family: 'Red Hat Text'; font-weight: bold; font-style: normal; font-size: 10pt; color: #e8e6e6;\">&nbsp; &nbsp;Phone: <\/span><span style=\"font-family: 'Red Hat Text'; font-style: normal; font-size: 10pt; color: #e8e6e6;\">+370 604 79482<\/span><\/p><p style=\"line-height: 0.5;\"><span style=\"font-family: 'Red Hat Text'; font-weight: bold; font-style: normal; font-size: 10pt; color: #e8e6e6;\">&nbsp; &nbsp;Email: <span style=\"font-weight: 400;\"><a class=\"c-link\" style=\"color: #e8e6e6;\" tabindex=\"-1\" href=\"mailto:krepsiniolaboratorija@gmail.com\" target=\"_blank\" rel=\"noopener noreferrer\" data-stringify-link=\"mailto:krepsiniolaboratorija@gmail.com\" data-sk=\"tooltip_parent\" aria-haspopup=\"menu\" aria-expanded=\"false\" data-remove-tab-index=\"true\">krepsiniolaboratorija@gmail.com<\/a><\/span><\/span><\/p><p style=\"line-height: 0.5;\"><span style=\"font-family: 'Red Hat Text'; font-weight: bold; font-style: normal; font-size: 10pt; color: #e8e6e6;\">&nbsp; &nbsp;Company code: <span style=\"font-weight: 400;\">305927249<\/span><\/span><\/p><p style=\"line-height: 0.5;\"><span style=\"font-family: 'Red Hat Text'; font-size: 10pt; color: #e8e6e6;\"><span style=\"font-weight: bold; font-style: normal;\">&nbsp; &nbsp;Address<\/span> <span style=\"font-weight: 400; font-style: normal;\">\u017dalumos 36-1, Bendoriai, Vilniaus raj.<\/span><\/span><\/p><p style=\"line-height: 0.5;\"><span style=\"font-family: 'Red Hat Text'; font-size: 10pt; color: #e8e6e6;\"><span style=\"font-weight: bold; font-style: normal; letter-spacing: inherit;\">&nbsp; &nbsp;Bank account:<\/span><span style=\"font-weight: 400; font-style: normal; letter-spacing: inherit;\"> LT353500010014741657<\/span><\/span><\/p><\/div><\/div><div class=\"vce-text-block\"><div class=\"vce-text-block-wrapper vce\" id=\"el-fddbe83f\" data-vce-do-apply=\"all el-fddbe83f\"><p style=\"line-height: 0.5;\"><span style=\"font-family: 'Red Hat Text'; font-weight: bold; font-style: normal; font-size: 12pt; letter-spacing: inherit; color: #e8e6e6;\">&nbsp; &nbsp;Social media:<\/span><\/p><p style=\"line-height: 0.5;\"><span style=\"color: #ffffff; font-size: 10pt;\">&nbsp; &nbsp;<a style=\"color: #ffffff;\" href=\"https:\/\/www.facebook.com\/krepsiniolab\"><span style=\"font-family: 'Red Hat Text'; font-weight: bold; font-style: normal;\"><span style=\"font-weight: 400;\">Facebook<\/span><\/span><\/a><\/span><\/p><p style=\"line-height: 0.5;\"><span style=\"color: #ffffff; font-size: 10pt;\">&nbsp; &nbsp;<a style=\"color: #ffffff;\" href=\"https:\/\/www.instagram.com\/krepsiniolab\/\"><span style=\"font-family: 'Red Hat Text'; font-weight: bold; font-style: normal;\"><span style=\"font-weight: 400;\">Instagram<\/span><\/span><\/a><\/span><\/p><p style=\"line-height: 0.5;\"><span style=\"color: #ffffff; font-size: 10pt;\">&nbsp; &nbsp;<a style=\"color: #ffffff;\" href=\"https:\/\/www.youtube.com\/channel\/UCMS68rIPEx-4AD7aCa7mznA\"><span style=\"font-family: 'Red Hat Text';\"><span style=\"font-weight: 400; font-style: normal;\">Youtube<\/span><\/span><\/a><\/span><\/p><p style=\"line-height: 0.5;\"><span style=\"color: #ffffff; font-size: 10pt;\">&nbsp; &nbsp;<a style=\"color: #ffffff;\" href=\"https:\/\/www.linkedin.com\/company\/krep%C5%A1inio-laboratorija\"><span style=\"font-family: 'Red Hat Text';\"><span style=\"font-weight: 400; font-style: normal; letter-spacing: inherit;\">Linkedin<\/span><\/span><\/a><\/span><\/p><\/div><\/div><\/div><\/div><\/div><\/div><\/div><\/div><div class=\"vce-row-container\"><div class=\"vce-row vce-element--has-background vce-row--col-gap-30 vce-row-equal-height vce-row-content--top\" data-vce-full-width=\"true\" id=\"el-e156f76a\" data-vce-do-apply=\"all el-e156f76a\"><div class=\"vce-content-background-container\"><div class=\"vce-asset-background-slider-container vce-visible-all-only vce-asset-background-slider--style-cover vce-asset-background-slider--position-center-top\"><div class=\"vce-asset-background-slider\" data-vce-assets-slider=\"5\" data-vce-assets-slider-effect=\"slide\" data-vce-assets-slider-slides=\".vce-asset-background-slider-items\" data-vce-assets-slider-slide=\".vce-asset-background-slider-item\"><div class=\"vce-asset-background-slider-items\">\n              <div class=\"vce-asset-background-slider-item vcv-lozad\" data-background-image=\"https:\/\/www.krepsiniolab.lt\/wp-content\/uploads\/2024\/03\/DSC_0586-scaled.jpg\"><\/div>\n              <noscript>\n                <div class=\"vce-asset-background-slider-item\" style=\"background-image: url(https:\/\/www.krepsiniolab.lt\/wp-content\/uploads\/2024\/03\/DSC_0586-scaled.jpg); visibility: visible;\"><\/div>\n              <\/noscript>\n            \n              <div class=\"vce-asset-background-slider-item vcv-lozad\" data-background-image=\"https:\/\/www.krepsiniolab.lt\/wp-content\/uploads\/2024\/03\/IMG_2203-1.png\"><\/div>\n              <noscript>\n                <div class=\"vce-asset-background-slider-item\" style=\"background-image: url(https:\/\/www.krepsiniolab.lt\/wp-content\/uploads\/2024\/03\/IMG_2203-1.png); visibility: visible;\"><\/div>\n              <\/noscript>\n            \n              <div class=\"vce-asset-background-slider-item vcv-lozad\" data-background-image=\"https:\/\/www.krepsiniolab.lt\/wp-content\/uploads\/2024\/03\/DSC_0610-scaled.jpg\"><\/div>\n              <noscript>\n                <div class=\"vce-asset-background-slider-item\" style=\"background-image: url(https:\/\/www.krepsiniolab.lt\/wp-content\/uploads\/2024\/03\/DSC_0610-scaled.jpg); visibility: visible;\"><\/div>\n              <\/noscript>\n            \n              <div class=\"vce-asset-background-slider-item vcv-lozad\" data-background-image=\"https:\/\/www.krepsiniolab.lt\/wp-content\/uploads\/2024\/03\/IMG_2198-1.png\"><\/div>\n              <noscript>\n                <div class=\"vce-asset-background-slider-item\" style=\"background-image: url(https:\/\/www.krepsiniolab.lt\/wp-content\/uploads\/2024\/03\/IMG_2198-1.png); visibility: visible;\"><\/div>\n              <\/noscript>\n            \n              <div class=\"vce-asset-background-slider-item vcv-lozad\" data-background-image=\"https:\/\/www.krepsiniolab.lt\/wp-content\/uploads\/2024\/03\/DSC_0354-scaled.jpg\"><\/div>\n              <noscript>\n                <div class=\"vce-asset-background-slider-item\" style=\"background-image: url(https:\/\/www.krepsiniolab.lt\/wp-content\/uploads\/2024\/03\/DSC_0354-scaled.jpg); visibility: visible;\"><\/div>\n              <\/noscript>\n            \n              <div class=\"vce-asset-background-slider-item vcv-lozad\" data-background-image=\"https:\/\/www.krepsiniolab.lt\/wp-content\/uploads\/2024\/03\/DSC_0124-scaled.jpg\"><\/div>\n              <noscript>\n                <div class=\"vce-asset-background-slider-item\" style=\"background-image: url(https:\/\/www.krepsiniolab.lt\/wp-content\/uploads\/2024\/03\/DSC_0124-scaled.jpg); visibility: visible;\"><\/div>\n              <\/noscript>\n            \n              <div class=\"vce-asset-background-slider-item vcv-lozad\" data-background-image=\"https:\/\/www.krepsiniolab.lt\/wp-content\/uploads\/2023\/02\/BLab-8122-scaled-e1710364049350.jpg\"><\/div>\n              <noscript>\n                <div class=\"vce-asset-background-slider-item\" style=\"background-image: url(https:\/\/www.krepsiniolab.lt\/wp-content\/uploads\/2023\/02\/BLab-8122-scaled-e1710364049350.jpg); visibility: visible;\"><\/div>\n              <\/noscript>\n            \n              <div class=\"vce-asset-background-slider-item vcv-lozad\" data-background-image=\"https:\/\/www.krepsiniolab.lt\/wp-content\/uploads\/2024\/03\/DSC_0562-scaled.jpg\"><\/div>\n              <noscript>\n                <div class=\"vce-asset-background-slider-item\" style=\"background-image: url(https:\/\/www.krepsiniolab.lt\/wp-content\/uploads\/2024\/03\/DSC_0562-scaled.jpg); visibility: visible;\"><\/div>\n              <\/noscript>\n            \n              <div class=\"vce-asset-background-slider-item vcv-lozad\" data-background-image=\"https:\/\/www.krepsiniolab.lt\/wp-content\/uploads\/2024\/03\/IMG_9744.png\"><\/div>\n              <noscript>\n                <div class=\"vce-asset-background-slider-item\" style=\"background-image: url(https:\/\/www.krepsiniolab.lt\/wp-content\/uploads\/2024\/03\/IMG_9744.png); visibility: visible;\"><\/div>\n              <\/noscript>\n            \n              <div class=\"vce-asset-background-slider-item vcv-lozad\" data-background-image=\"https:\/\/www.krepsiniolab.lt\/wp-content\/uploads\/2024\/03\/DSC_0391-scaled.jpg\"><\/div>\n              <noscript>\n                <div class=\"vce-asset-background-slider-item\" style=\"background-image: url(https:\/\/www.krepsiniolab.lt\/wp-content\/uploads\/2024\/03\/DSC_0391-scaled.jpg); visibility: visible;\"><\/div>\n              <\/noscript>\n            \n              <div class=\"vce-asset-background-slider-item vcv-lozad\" data-background-image=\"https:\/\/www.krepsiniolab.lt\/wp-content\/uploads\/2024\/03\/2023-scaled.jpg\"><\/div>\n              <noscript>\n                <div class=\"vce-asset-background-slider-item\" style=\"background-image: url(https:\/\/www.krepsiniolab.lt\/wp-content\/uploads\/2024\/03\/2023-scaled.jpg); visibility: visible;\"><\/div>\n              <\/noscript>\n            \n              <div class=\"vce-asset-background-slider-item vcv-lozad\" data-background-image=\"https:\/\/www.krepsiniolab.lt\/wp-content\/uploads\/2024\/03\/DSC_0030-scaled.jpg\"><\/div>\n              <noscript>\n                <div class=\"vce-asset-background-slider-item\" style=\"background-image: url(https:\/\/www.krepsiniolab.lt\/wp-content\/uploads\/2024\/03\/DSC_0030-scaled.jpg); visibility: visible;\"><\/div>\n              <\/noscript>\n            \n              <div class=\"vce-asset-background-slider-item vcv-lozad\" data-background-image=\"https:\/\/www.krepsiniolab.lt\/wp-content\/uploads\/2024\/03\/DSC_0530-scaled.jpg\"><\/div>\n              <noscript>\n                <div class=\"vce-asset-background-slider-item\" style=\"background-image: url(https:\/\/www.krepsiniolab.lt\/wp-content\/uploads\/2024\/03\/DSC_0530-scaled.jpg); visibility: visible;\"><\/div>\n              <\/noscript>\n            \n              <div class=\"vce-asset-background-slider-item vcv-lozad\" data-background-image=\"https:\/\/www.krepsiniolab.lt\/wp-content\/uploads\/2024\/03\/DSC_0015-scaled.jpg\"><\/div>\n              <noscript>\n                <div class=\"vce-asset-background-slider-item\" style=\"background-image: url(https:\/\/www.krepsiniolab.lt\/wp-content\/uploads\/2024\/03\/DSC_0015-scaled.jpg); visibility: visible;\"><\/div>\n              <\/noscript>\n            \n              <div class=\"vce-asset-background-slider-item vcv-lozad\" data-background-image=\"https:\/\/www.krepsiniolab.lt\/wp-content\/uploads\/2024\/03\/DSC_0002-scaled.jpg\"><\/div>\n              <noscript>\n                <div class=\"vce-asset-background-slider-item\" style=\"background-image: url(https:\/\/www.krepsiniolab.lt\/wp-content\/uploads\/2024\/03\/DSC_0002-scaled.jpg); visibility: visible;\"><\/div>\n              <\/noscript>\n            \n              <div class=\"vce-asset-background-slider-item vcv-lozad\" data-background-image=\"https:\/\/www.krepsiniolab.lt\/wp-content\/uploads\/2023\/02\/BLab-8081-scaled.jpg\"><\/div>\n              <noscript>\n                <div class=\"vce-asset-background-slider-item\" style=\"background-image: url(https:\/\/www.krepsiniolab.lt\/wp-content\/uploads\/2023\/02\/BLab-8081-scaled.jpg); visibility: visible;\"><\/div>\n              <\/noscript>\n            \n              <div class=\"vce-asset-background-slider-item vcv-lozad\" data-background-image=\"https:\/\/www.krepsiniolab.lt\/wp-content\/uploads\/2024\/03\/DSC_0128.png\"><\/div>\n              <noscript>\n                <div class=\"vce-asset-background-slider-item\" style=\"background-image: url(https:\/\/www.krepsiniolab.lt\/wp-content\/uploads\/2024\/03\/DSC_0128.png); visibility: visible;\"><\/div>\n              <\/noscript>\n            <\/div><\/div><\/div><\/div><div class=\"vce-row-content\" data-vce-element-content=\"true\"><div class=\"vce-col vce-col--md-auto vce-col--xs-1 vce-col--xs-last vce-col--xs-first vce-col--sm-last vce-col--sm-first vce-col--md-last vce-col--lg-last vce-col--xl-last vce-col--md-first vce-col--lg-first vce-col--xl-first\" id=\"el-67e10ce4\"><div class=\"vce-col-inner\" data-vce-do-apply=\"border margin background  el-67e10ce4\"><div class=\"vce-content-background-container\"><\/div><div class=\"vce-col-content\" data-vce-element-content=\"true\" data-vce-do-apply=\"padding el-67e10ce4\"><div class=\"vce-shortcode\"><div class=\"vce-shortcode-wrapper vce\" id=\"el-1a669951\" data-vce-do-apply=\"all el-1a669951\"><\/div><\/div><\/div><\/div><\/div><\/div><\/div><\/div>","protected":false},"excerpt":{"rendered":"<p>&nbsp; V\u0160\u012e Krep\u0161inio \u201eLaboratorija\u201c&nbsp; &nbsp;Telefonas: +370 604 79482&nbsp; &nbsp;El. pa\u0161tas: krepsiniolaboratorija@gmail.com&nbsp; &nbsp;\u012emon\u0117s kodas: 305927249&nbsp; &nbsp;Adresas: \u017dalumos 36-1, Bendoriai, Vilniaus raj.&nbsp; &nbsp;Banko s\u0105skaita: LT353500010014741657&nbsp; &nbsp;Socialiniai tinklai:&nbsp; &nbsp;Facebook&nbsp; &nbsp;Instagram&nbsp; &nbsp;Youtube&nbsp; &nbsp;Linkedin<\/p>","protected":false},"author":1,"featured_media":0,"parent":0,"menu_order":0,"comment_status":"closed","ping_status":"closed","template":"","meta":{"footnotes":""},"class_list":["post-314","page","type-page","status-publish","hentry"],"_links":{"self":[{"href":"https:\/\/www.krepsiniolab.lt\/en\/wp-json\/wp\/v2\/pages\/314","targetHints":{"allow":["GET"]}}],"collection":[{"href":"https:\/\/www.krepsiniolab.lt\/en\/wp-json\/wp\/v2\/pages"}],"about":[{"href":"https:\/\/www.krepsiniolab.lt\/en\/wp-json\/wp\/v2\/types\/page"}],"author":[{"embeddable":true,"href":"https:\/\/www.krepsiniolab.lt\/en\/wp-json\/wp\/v2\/users\/1"}],"replies":[{"embeddable":true,"href":"https:\/\/www.krepsiniolab.lt\/en\/wp-json\/wp\/v2\/comments?post=314"}],"version-history":[{"count":7,"href":"https:\/\/www.krepsiniolab.lt\/en\/wp-json\/wp\/v2\/pages\/314\/revisions"}],"predecessor-version":[{"id":737,"href":"https:\/\/www.krepsiniolab.lt\/en\/wp-json\/wp\/v2\/pages\/314\/revisions\/737"}],"wp:attachment":[{"href":"https:\/\/www.krepsiniolab.lt\/en\/wp-json\/wp\/v2\/media?parent=314"}],"curies":[{"name":"wp","href":"https:\/\/api.w.org\/{rel}","templated":true}]}}